{"id":393,"date":"2025-09-16T11:08:51","date_gmt":"2025-09-16T14:08:51","guid":{"rendered":"https:\/\/proyectomigrante.uy\/?page_id=393"},"modified":"2025-09-16T11:14:44","modified_gmt":"2025-09-16T14:14:44","slug":"servicios-juridicos","status":"publish","type":"page","link":"https:\/\/proyectomigrante.uy\/es\/servicios-juridicos\/","title":{"rendered":"Servicios Jur\u00eddicos"},"content":{"rendered":"<div class='breakdance'><section class=\"bde-section-393-100 bde-section\">\n  \n  \n\t\n\n\n\n<div class=\"section-container\"><div class=\"bde-masker-393-101 bde-masker\"><div class=\"bde-div-393-102 bde-div\">\n              \n  \n  \n\t\n\n  <div class=\"section-background-overlay\"><\/div>\n\n\n\n<\/div>\r\n<\/div><div class=\"bde-columns-393-103 bde-columns\"><div class=\"bde-column-393-104 bde-column\">\n  \n  \n\t\n\n\n\n<h1 class=\"bde-heading-393-105 bde-heading\">\nservicios judiciales\n<\/h1><div class=\"bde-fancy-divider-393-106 bde-fancy-divider\">\n\n\n<div class=\"bde-fancy-divider__wrapper\">\n  <div class=\"bde-fancy-divider__separator   \">\n  \t  <\/div>\n<\/div>\n\n<\/div><div class=\"bde-text-393-107 bde-text\">\nHay gestiones que no son solo gestiones.<br>Por su complejidad y magnitud requieren un proceso judicial.\n<\/div><h1 class=\"bde-dual-heading-393-125 bde-dual-heading\">\n\n\n            <span data-style=\"secondary\" class=\"dual-heading--secondary  js-annotate\">La seguridad de no estar en manos de gestores<\/span>\n\n\n\n<\/h1>\n<\/div><\/div><\/div>\n<\/section><section class=\"bde-section-393-111 bde-section\">\n  \n  \n\t\n\n\n\n<div class=\"section-container\"><div class=\"bde-image-393-112 bde-image\">\n<figure class=\"breakdance-image breakdance-image--394\">\n\t<div class=\"breakdance-image-container\">\n\t\t<div class=\"breakdance-image-clip\"><img loading=\"lazy\" decoding=\"async\" class=\"breakdance-image-object\" src=\"https:\/\/proyectomigrante.uy\/wp-content\/uploads\/2025\/09\/Juzgado-de-flia.webp\" width=\"500\" height=\"500\" srcset=\"https:\/\/proyectomigrante.uy\/wp-content\/uploads\/2025\/09\/Juzgado-de-flia.webp 500w, https:\/\/proyectomigrante.uy\/wp-content\/uploads\/2025\/09\/Juzgado-de-flia-300x300.webp 300w, https:\/\/proyectomigrante.uy\/wp-content\/uploads\/2025\/09\/Juzgado-de-flia-150x150.webp 150w, https:\/\/proyectomigrante.uy\/wp-content\/uploads\/2025\/09\/Juzgado-de-flia-12x12.webp 12w\" sizes=\"auto, (max-width: 500px) 100vw, 500px\" alt=\"Foto de Juzgado Letrado de Familia en Montevideo\"><\/div>\n\t<\/div><\/figure>\n\n<\/div><div id=\"rectificacion\" class=\"bde-div-393-113 bde-div\">\n  \n  \n\t\n\n\n\n<h2 class=\"bde-heading-393-114 bde-heading\">\nRectificaci\u00f3n de Partidas\n<\/h2><div class=\"bde-text-393-115 bde-text\">\nLos errores u omisiones en las partidas uruguayas para su correcci\u00f3n requieren de un juicio de rectificaci\u00f3n ante el Juzgado de Familia.\n<\/div><div class=\"bde-button-393-116 bde-button\">\n    \n                                    \n    \n    \n    \n    \n            \n            <button type=\"button\" class=\"button-atom button-atom--custom bde-button__button\"  >\n    \n        <span class=\"button-atom__text\">CONTACTANOS<\/span>\n\n                            \n        \n            <\/button>\n    \n\n\n<\/div>\n<\/div><\/div>\n<\/section><section class=\"bde-section-393-117 bde-section\">\n  \n  \n\t\n\n\n\n<div class=\"section-container\"><div class=\"bde-image-393-122 bde-image\">\n<figure class=\"breakdance-image breakdance-image--396\">\n\t<div class=\"breakdance-image-container\">\n\t\t<div class=\"breakdance-image-clip\"><img loading=\"lazy\" decoding=\"async\" class=\"breakdance-image-object\" src=\"https:\/\/proyectomigrante.uy\/wp-content\/uploads\/2025\/09\/archivo-arzobispado.webp\" width=\"500\" height=\"500\" srcset=\"https:\/\/proyectomigrante.uy\/wp-content\/uploads\/2025\/09\/archivo-arzobispado.webp 500w, https:\/\/proyectomigrante.uy\/wp-content\/uploads\/2025\/09\/archivo-arzobispado-300x300.webp 300w, https:\/\/proyectomigrante.uy\/wp-content\/uploads\/2025\/09\/archivo-arzobispado-150x150.webp 150w, https:\/\/proyectomigrante.uy\/wp-content\/uploads\/2025\/09\/archivo-arzobispado-12x12.webp 12w\" sizes=\"auto, (max-width: 500px) 100vw, 500px\" alt=\"Archivo del Arzobispado de Montevideo\"><\/div>\n\t<\/div><\/figure>\n\n<\/div><div id=\"rectif-religiosa\" class=\"bde-div-393-118 bde-div\">\n  \n  \n\t\n\n\n\n<h2 class=\"bde-heading-393-127 bde-heading\">\nRectificaci\u00f3n de actas religiosas\n<\/h2><div class=\"bde-text-393-128 bde-text\">\nLas correcciones nunca son simples tr\u00e1mites.<br>Son procesos que deben estar acompa\u00f1ados de elementos probatorios y correctamente presentados, incluso ante las Autoridades Religiosas.\n<\/div><div class=\"bde-button-393-129 bde-button\">\n    \n                                    \n    \n    \n    \n    \n            \n            <button type=\"button\" class=\"button-atom button-atom--custom bde-button__button\"  >\n    \n        <span class=\"button-atom__text\">CONTACTANOS<\/span>\n\n                            \n        \n            <\/button>\n    \n\n\n<\/div>\n<\/div><\/div>\n<\/section><section class=\"bde-section-393-130 bde-section\">\n  \n  \n\t\n\n\n\n<div class=\"section-container\"><div class=\"bde-image-393-131 bde-image\">\n<figure class=\"breakdance-image breakdance-image--398\">\n\t<div class=\"breakdance-image-container\">\n\t\t<div class=\"breakdance-image-clip\"><img loading=\"lazy\" decoding=\"async\" class=\"breakdance-image-object\" src=\"https:\/\/proyectomigrante.uy\/wp-content\/uploads\/2025\/09\/mesa-centralizada.webp\" width=\"500\" height=\"500\" srcset=\"https:\/\/proyectomigrante.uy\/wp-content\/uploads\/2025\/09\/mesa-centralizada.webp 500w, https:\/\/proyectomigrante.uy\/wp-content\/uploads\/2025\/09\/mesa-centralizada-300x300.webp 300w, https:\/\/proyectomigrante.uy\/wp-content\/uploads\/2025\/09\/mesa-centralizada-150x150.webp 150w, https:\/\/proyectomigrante.uy\/wp-content\/uploads\/2025\/09\/mesa-centralizada-12x12.webp 12w\" sizes=\"auto, (max-width: 500px) 100vw, 500px\" alt=\"Mesa Centralizada del Juzgado de Familia Montevideo\"><\/div>\n\t<\/div><\/figure>\n\n<\/div><div id=\"testimonio\" class=\"bde-div-393-132 bde-div\">\n  \n  \n\t\n\n\n\n<h2 class=\"bde-heading-393-133 bde-heading\">\nTestimonio de Sentencia\n<\/h2><div class=\"bde-text-393-134 bde-text\">\nLos testimonios son la copia fiel y leg\u00edtima de las sentencias que deben solicitarse judicialmente en el expediente.<br>Estos son necesarios para acreditar divorcios, adopciones y cualquier otra desici\u00f3n que haya tenido lugar de forma judicial.\n<\/div><div class=\"bde-button-393-135 bde-button\">\n    \n                                    \n    \n    \n    \n    \n            \n            <button type=\"button\" class=\"button-atom button-atom--custom bde-button__button\"  >\n    \n        <span class=\"button-atom__text\">CONTACTANOS<\/span>\n\n                            \n        \n            <\/button>\n    \n\n\n<\/div>\n<\/div><\/div>\n<\/section><section class=\"bde-section-393-136 bde-section\">\n  \n  \n\t\n\n\n\n<div class=\"section-container\"><div class=\"bde-image-393-137 bde-image\">\n<figure class=\"breakdance-image breakdance-image--379\">\n\t<div class=\"breakdance-image-container\">\n\t\t<div class=\"breakdance-image-clip\"><img loading=\"lazy\" decoding=\"async\" class=\"breakdance-image-object\" src=\"https:\/\/proyectomigrante.uy\/wp-content\/uploads\/2025\/09\/archivo.webp\" width=\"500\" height=\"500\" srcset=\"https:\/\/proyectomigrante.uy\/wp-content\/uploads\/2025\/09\/archivo.webp 500w, https:\/\/proyectomigrante.uy\/wp-content\/uploads\/2025\/09\/archivo-300x300.webp 300w, https:\/\/proyectomigrante.uy\/wp-content\/uploads\/2025\/09\/archivo-150x150.webp 150w, https:\/\/proyectomigrante.uy\/wp-content\/uploads\/2025\/09\/archivo-12x12.webp 12w\" sizes=\"auto, (max-width: 500px) 100vw, 500px\"><\/div>\n\t<\/div><\/figure>\n\n<\/div><div id=\"otros-jud\" class=\"bde-div-393-138 bde-div\">\n  \n  \n\t\n\n\n\n<h2 class=\"bde-heading-393-139 bde-heading\">\nOtros Procesos Judiciales y Notariales\n<\/h2><div class=\"bde-text-393-140 bde-text\">\nNos encargamos de cualquier otro proceso judicial o notarial que necesiten realizar en Uruguay\n<\/div><div class=\"bde-button-393-141 bde-button\">\n    \n                                    \n    \n    \n    \n    \n            \n            <button type=\"button\" class=\"button-atom button-atom--custom bde-button__button\"  >\n    \n        <span class=\"button-atom__text\">CONTACTANOS<\/span>\n\n                            \n        \n            <\/button>\n    \n\n\n<\/div>\n<\/div><\/div>\n<\/section><section class=\"bde-section-393-142 bde-section\">\n  \n  \n\t\n\n\n\n<div class=\"section-container\"><div class=\"bde-image-393-143 bde-image\">\n<figure class=\"breakdance-image breakdance-image--381\">\n\t<div class=\"breakdance-image-container\">\n\t\t<div class=\"breakdance-image-clip\"><img loading=\"lazy\" decoding=\"async\" class=\"breakdance-image-object\" src=\"https:\/\/proyectomigrante.uy\/wp-content\/uploads\/2025\/09\/escudo-poder-judicial-2.webp\" width=\"500\" height=\"500\" srcset=\"https:\/\/proyectomigrante.uy\/wp-content\/uploads\/2025\/09\/escudo-poder-judicial-2.webp 500w, https:\/\/proyectomigrante.uy\/wp-content\/uploads\/2025\/09\/escudo-poder-judicial-2-300x300.webp 300w, https:\/\/proyectomigrante.uy\/wp-content\/uploads\/2025\/09\/escudo-poder-judicial-2-150x150.webp 150w, https:\/\/proyectomigrante.uy\/wp-content\/uploads\/2025\/09\/escudo-poder-judicial-2-12x12.webp 12w\" sizes=\"auto, (max-width: 500px) 100vw, 500px\"><\/div>\n\t<\/div><\/figure>\n\n<\/div><div class=\"bde-div-393-144 bde-div\">\n  \n  \n\t\n\n\n\n<h2 class=\"bde-heading-393-145 bde-heading\">\nServicios Documentales\n<\/h2><div class=\"bde-text-393-146 bde-text\">\nConoc\u00e9 m\u00e1s de los servicios de gesti\u00f3n de documentos que realizamos\n<\/div><div class=\"bde-button-393-147 bde-button\">\n    \n                                    \n    \n    \n    \n    \n            \n                    \n            \n            \n\n    \n    \n    \n    \n    \n    <a class=\"breakdance-link button-atom button-atom--custom bde-button__button\" href=\"\/servicios\/\" target=\"_self\" data-type=\"url\"  >\n\n    \n        <span class=\"button-atom__text\">VER M\u00c1S<\/span>\n\n                            \n        \n                <\/a>\n\n    \n\n\n<\/div>\n<\/div><\/div>\n<\/section><\/div>","protected":false},"excerpt":{"rendered":"<p>servicios judiciales Hay gestiones que no son solo gestiones.Por su complejidad y magnitud requieren un proceso judicial. La seguridad de no estar en manos de gestores Rectificaci\u00f3n de Partidas Los errores u omisiones en las partidas uruguayas para su correcci\u00f3n requieren de un juicio de rectificaci\u00f3n ante el Juzgado de Familia. CONTACTANOS Rectificaci\u00f3n de actas [&hellip;]<\/p>\n","protected":false},"author":1,"featured_media":0,"parent":0,"menu_order":0,"comment_status":"closed","ping_status":"closed","template":"","meta":{"_breakdance_hide_in_design_set":false,"_breakdance_tags":"","footnotes":""},"class_list":["post-393","page","type-page","status-publish","hentry"],"_links":{"self":[{"href":"https:\/\/proyectomigrante.uy\/es\/wp-json\/wp\/v2\/pages\/393","targetHints":{"allow":["GET"]}}],"collection":[{"href":"https:\/\/proyectomigrante.uy\/es\/wp-json\/wp\/v2\/pages"}],"about":[{"href":"https:\/\/proyectomigrante.uy\/es\/wp-json\/wp\/v2\/types\/page"}],"author":[{"embeddable":true,"href":"https:\/\/proyectomigrante.uy\/es\/wp-json\/wp\/v2\/users\/1"}],"replies":[{"embeddable":true,"href":"https:\/\/proyectomigrante.uy\/es\/wp-json\/wp\/v2\/comments?post=393"}],"version-history":[{"count":5,"href":"https:\/\/proyectomigrante.uy\/es\/wp-json\/wp\/v2\/pages\/393\/revisions"}],"predecessor-version":[{"id":403,"href":"https:\/\/proyectomigrante.uy\/es\/wp-json\/wp\/v2\/pages\/393\/revisions\/403"}],"wp:attachment":[{"href":"https:\/\/proyectomigrante.uy\/es\/wp-json\/wp\/v2\/media?parent=393"}],"curies":[{"name":"wp","href":"https:\/\/api.w.org\/{rel}","templated":true}]}}