{"id":362,"date":"2025-09-05T15:10:04","date_gmt":"2025-09-05T18:10:04","guid":{"rendered":"https:\/\/proyectomigrante.uy\/?page_id=362"},"modified":"2025-09-16T11:21:13","modified_gmt":"2025-09-16T14:21:13","slug":"servicios","status":"publish","type":"page","link":"https:\/\/proyectomigrante.uy\/es\/servicios\/","title":{"rendered":"Servicios"},"content":{"rendered":"<div class='breakdance'><section class=\"bde-section-362-100 bde-section\">\n  \n  \n\t\n\n\n\n<div class=\"section-container\"><div class=\"bde-masker-362-101 bde-masker\"><div class=\"bde-div-362-102 bde-div\">\n              \n  \n  \n\t\n\n  <div class=\"section-background-overlay\"><\/div>\n\n\n\n<\/div>\r\n<\/div><div class=\"bde-columns-362-103 bde-columns\"><div class=\"bde-column-362-104 bde-column\">\n  \n  \n\t\n\n\n\n<h1 class=\"bde-heading-362-105 bde-heading\">\nservicios documentales\n<\/h1><div class=\"bde-fancy-divider-362-106 bde-fancy-divider\">\n\n\n<div class=\"bde-fancy-divider__wrapper\">\n  <div class=\"bde-fancy-divider__separator   \">\n  \t  <\/div>\n<\/div>\n\n<\/div><div class=\"bde-text-362-107 bde-text\">\nBUROCRACIA: <br>Sab\u00e9s lo que necesitas pero en el medio se interponen edificios, ventanillas, formularios, timbres, esperas eternas, filas interminables, paros repentinos, turnos que no hay, respuestas absurdas y frustraci\u00f3n.\n<\/div><h1 class=\"bde-dual-heading-362-125 bde-dual-heading\">\n\n\n            <span data-style=\"secondary\" class=\"dual-heading--secondary  js-annotate\">Somos la soluci\u00f3n a los laberintos kafkianos.<\/span>\n\n\n\n<\/h1>\n<\/div><\/div><\/div>\n<\/section><section class=\"bde-section-362-111 bde-section\">\n  \n  \n\t\n\n\n\n<div class=\"section-container\"><div class=\"bde-image-362-112 bde-image\">\n<figure class=\"breakdance-image breakdance-image--378\">\n\t<div class=\"breakdance-image-container\">\n\t\t<div class=\"breakdance-image-clip\"><img loading=\"lazy\" decoding=\"async\" class=\"breakdance-image-object\" src=\"https:\/\/proyectomigrante.uy\/wp-content\/uploads\/2025\/09\/rc-partidas.webp\" width=\"500\" height=\"500\" srcset=\"https:\/\/proyectomigrante.uy\/wp-content\/uploads\/2025\/09\/rc-partidas.webp 500w, https:\/\/proyectomigrante.uy\/wp-content\/uploads\/2025\/09\/rc-partidas-300x300.webp 300w, https:\/\/proyectomigrante.uy\/wp-content\/uploads\/2025\/09\/rc-partidas-150x150.webp 150w, https:\/\/proyectomigrante.uy\/wp-content\/uploads\/2025\/09\/rc-partidas-12x12.webp 12w\" sizes=\"auto, (max-width: 500px) 100vw, 500px\"><\/div>\n\t<\/div><\/figure>\n\n<\/div><div id=\"emision-partida\" class=\"bde-div-362-113 bde-div\">\n  \n  \n\t\n\n\n\n<h2 class=\"bde-heading-362-114 bde-heading\">\nB\u00fasqueda y Emisi\u00f3n de Partidas\n<\/h2><div class=\"bde-text-362-115 bde-text\">\nNacimientos, Matrimonios y Defunciones<br>Registro Civil<br>Actas eclesi\u00e1sticas anteriores a 1879\n<\/div><div class=\"bde-button-362-116 bde-button\">\n    \n                                    \n    \n    \n    \n    \n            \n            <button type=\"button\" class=\"button-atom button-atom--custom bde-button__button\"  >\n    \n        <span class=\"button-atom__text\">SOLICITAR<\/span>\n\n                            \n        \n            <\/button>\n    \n\n\n<\/div>\n<\/div><\/div>\n<\/section><section class=\"bde-section-362-117 bde-section\">\n  \n  \n\t\n\n\n\n<div class=\"section-container\"><div class=\"bde-image-362-122 bde-image\">\n<figure class=\"breakdance-image breakdance-image--373\">\n\t<div class=\"breakdance-image-container\">\n\t\t<div class=\"breakdance-image-clip\"><img loading=\"lazy\" decoding=\"async\" class=\"breakdance-image-object\" src=\"https:\/\/proyectomigrante.uy\/wp-content\/uploads\/2025\/09\/cnn.webp\" width=\"500\" height=\"500\" srcset=\"https:\/\/proyectomigrante.uy\/wp-content\/uploads\/2025\/09\/cnn.webp 500w, https:\/\/proyectomigrante.uy\/wp-content\/uploads\/2025\/09\/cnn-300x300.webp 300w, https:\/\/proyectomigrante.uy\/wp-content\/uploads\/2025\/09\/cnn-150x150.webp 150w, https:\/\/proyectomigrante.uy\/wp-content\/uploads\/2025\/09\/cnn-12x12.webp 12w\" sizes=\"auto, (max-width: 500px) 100vw, 500px\"><\/div>\n\t<\/div><\/figure>\n\n<\/div><div id=\"cnn\" class=\"bde-div-362-118 bde-div\">\n  \n  \n\t\n\n\n\n<h2 class=\"bde-heading-362-127 bde-heading\">\nCertificado de No Naturalizaci\u00f3n\n<\/h2><div class=\"bde-text-362-128 bde-text\">\nEs el documento oficial donde consta si una persona extranjera obtuvo o no la ciudadan\u00eda uruguaya\n<\/div><div class=\"bde-button-362-129 bde-button\">\n    \n                                    \n    \n    \n    \n    \n            \n            <button type=\"button\" class=\"button-atom button-atom--custom bde-button__button\"  >\n    \n        <span class=\"button-atom__text\">SOLICITAR<\/span>\n\n                            \n        \n            <\/button>\n    \n\n\n<\/div>\n<\/div><\/div>\n<\/section><section class=\"bde-section-362-130 bde-section\">\n  \n  \n\t\n\n\n\n<div class=\"section-container\"><div class=\"bde-image-362-131 bde-image\">\n<figure class=\"breakdance-image breakdance-image--377\">\n\t<div class=\"breakdance-image-container\">\n\t\t<div class=\"breakdance-image-clip\"><img loading=\"lazy\" decoding=\"async\" class=\"breakdance-image-object\" src=\"https:\/\/proyectomigrante.uy\/wp-content\/uploads\/2025\/09\/Diseno-sin-titulo.webp\" width=\"500\" height=\"500\" srcset=\"https:\/\/proyectomigrante.uy\/wp-content\/uploads\/2025\/09\/Diseno-sin-titulo.webp 500w, https:\/\/proyectomigrante.uy\/wp-content\/uploads\/2025\/09\/Diseno-sin-titulo-300x300.webp 300w, https:\/\/proyectomigrante.uy\/wp-content\/uploads\/2025\/09\/Diseno-sin-titulo-150x150.webp 150w, https:\/\/proyectomigrante.uy\/wp-content\/uploads\/2025\/09\/Diseno-sin-titulo-12x12.webp 12w\" sizes=\"auto, (max-width: 500px) 100vw, 500px\"><\/div>\n\t<\/div><\/figure>\n\n<\/div><div id=\"apostilla\" class=\"bde-div-362-132 bde-div\">\n  \n  \n\t\n\n\n\n<h2 class=\"bde-heading-362-133 bde-heading\">\nApostilla y Legalizaci\u00f3n\n<\/h2><div class=\"bde-text-362-134 bde-text\">\nLa apostilla es un tipo de legalizaci\u00f3n que permite que el documento sea v\u00e1lido en otros pa\u00edses y en consulados extranjeros\n<\/div><div class=\"bde-button-362-135 bde-button\">\n    \n                                    \n    \n    \n    \n    \n            \n            <button type=\"button\" class=\"button-atom button-atom--custom bde-button__button\"  >\n    \n        <span class=\"button-atom__text\">SOLICITAR<\/span>\n\n                            \n        \n            <\/button>\n    \n\n\n<\/div>\n<\/div><\/div>\n<\/section><section class=\"bde-section-362-136 bde-section\">\n  \n  \n\t\n\n\n\n<div class=\"section-container\"><div class=\"bde-image-362-137 bde-image\">\n<figure class=\"breakdance-image breakdance-image--379\">\n\t<div class=\"breakdance-image-container\">\n\t\t<div class=\"breakdance-image-clip\"><img loading=\"lazy\" decoding=\"async\" class=\"breakdance-image-object\" src=\"https:\/\/proyectomigrante.uy\/wp-content\/uploads\/2025\/09\/archivo.webp\" width=\"500\" height=\"500\" srcset=\"https:\/\/proyectomigrante.uy\/wp-content\/uploads\/2025\/09\/archivo.webp 500w, https:\/\/proyectomigrante.uy\/wp-content\/uploads\/2025\/09\/archivo-300x300.webp 300w, https:\/\/proyectomigrante.uy\/wp-content\/uploads\/2025\/09\/archivo-150x150.webp 150w, https:\/\/proyectomigrante.uy\/wp-content\/uploads\/2025\/09\/archivo-12x12.webp 12w\" sizes=\"auto, (max-width: 500px) 100vw, 500px\"><\/div>\n\t<\/div><\/figure>\n\n<\/div><div id=\"genealogia\" class=\"bde-div-362-138 bde-div\">\n  \n  \n\t\n\n\n\n<h2 class=\"bde-heading-362-139 bde-heading\">\nB\u00fasquedas Geneal\u00f3gicas\n<\/h2><div class=\"bde-text-362-140 bde-text\">\nGracias a nuestra experiencia investigamos a trav\u00e9s fondos archivisticos y bases de datos para armar el rompecabezas de la historia familiar\n<\/div><div class=\"bde-button-362-141 bde-button\">\n    \n                                    \n    \n    \n    \n    \n            \n            <button type=\"button\" class=\"button-atom button-atom--custom bde-button__button\"  >\n    \n        <span class=\"button-atom__text\">SOLICITAR<\/span>\n\n                            \n        \n            <\/button>\n    \n\n\n<\/div>\n<\/div><\/div>\n<\/section><section class=\"bde-section-362-142 bde-section\">\n  \n  \n\t\n\n\n\n<div class=\"section-container\"><div class=\"bde-image-362-143 bde-image\">\n<figure class=\"breakdance-image breakdance-image--381\">\n\t<div class=\"breakdance-image-container\">\n\t\t<div class=\"breakdance-image-clip\"><img loading=\"lazy\" decoding=\"async\" class=\"breakdance-image-object\" src=\"https:\/\/proyectomigrante.uy\/wp-content\/uploads\/2025\/09\/escudo-poder-judicial-2.webp\" width=\"500\" height=\"500\" srcset=\"https:\/\/proyectomigrante.uy\/wp-content\/uploads\/2025\/09\/escudo-poder-judicial-2.webp 500w, https:\/\/proyectomigrante.uy\/wp-content\/uploads\/2025\/09\/escudo-poder-judicial-2-300x300.webp 300w, https:\/\/proyectomigrante.uy\/wp-content\/uploads\/2025\/09\/escudo-poder-judicial-2-150x150.webp 150w, https:\/\/proyectomigrante.uy\/wp-content\/uploads\/2025\/09\/escudo-poder-judicial-2-12x12.webp 12w\" sizes=\"auto, (max-width: 500px) 100vw, 500px\"><\/div>\n\t<\/div><\/figure>\n\n<\/div><div class=\"bde-div-362-144 bde-div\">\n  \n  \n\t\n\n\n\n<h2 class=\"bde-heading-362-145 bde-heading\">\nServicios Judiciales\n<\/h2><div class=\"bde-text-362-146 bde-text\">\nConoc\u00e9 m\u00e1s de los servicios que se realizan en sedes judiciales en Uruguay\n<\/div><div class=\"bde-button-362-147 bde-button\">\n    \n                                    \n    \n    \n    \n    \n            \n                    \n            \n            \n\n    \n    \n    \n    \n    \n    <a class=\"breakdance-link button-atom button-atom--custom bde-button__button\" href=\"https:\/\/proyectomigrante.uy\/servicios-juridicos\/\" target=\"_self\" data-type=\"url\"  >\n\n    \n        <span class=\"button-atom__text\">VER M\u00c1S<\/span>\n\n                            \n        \n                <\/a>\n\n    \n\n\n<\/div>\n<\/div><\/div>\n<\/section><\/div>","protected":false},"excerpt":{"rendered":"<p>servicios documentales BUROCRACIA: Sab\u00e9s lo que necesitas pero en el medio se interponen edificios, ventanillas, formularios, timbres, esperas eternas, filas interminables, paros repentinos, turnos que no hay, respuestas absurdas y frustraci\u00f3n. Somos la soluci\u00f3n a los laberintos kafkianos. B\u00fasqueda y Emisi\u00f3n de Partidas Nacimientos, Matrimonios y DefuncionesRegistro CivilActas eclesi\u00e1sticas anteriores a 1879 SOLICITAR Certificado de [&hellip;]<\/p>\n","protected":false},"author":1,"featured_media":0,"parent":0,"menu_order":0,"comment_status":"closed","ping_status":"closed","template":"","meta":{"_breakdance_hide_in_design_set":false,"_breakdance_tags":"","footnotes":""},"class_list":["post-362","page","type-page","status-publish","hentry"],"_links":{"self":[{"href":"https:\/\/proyectomigrante.uy\/es\/wp-json\/wp\/v2\/pages\/362","targetHints":{"allow":["GET"]}}],"collection":[{"href":"https:\/\/proyectomigrante.uy\/es\/wp-json\/wp\/v2\/pages"}],"about":[{"href":"https:\/\/proyectomigrante.uy\/es\/wp-json\/wp\/v2\/types\/page"}],"author":[{"embeddable":true,"href":"https:\/\/proyectomigrante.uy\/es\/wp-json\/wp\/v2\/users\/1"}],"replies":[{"embeddable":true,"href":"https:\/\/proyectomigrante.uy\/es\/wp-json\/wp\/v2\/comments?post=362"}],"version-history":[{"count":9,"href":"https:\/\/proyectomigrante.uy\/es\/wp-json\/wp\/v2\/pages\/362\/revisions"}],"predecessor-version":[{"id":405,"href":"https:\/\/proyectomigrante.uy\/es\/wp-json\/wp\/v2\/pages\/362\/revisions\/405"}],"wp:attachment":[{"href":"https:\/\/proyectomigrante.uy\/es\/wp-json\/wp\/v2\/media?parent=362"}],"curies":[{"name":"wp","href":"https:\/\/api.w.org\/{rel}","templated":true}]}}