{"id":234,"date":"2025-08-28T11:44:30","date_gmt":"2025-08-28T14:44:30","guid":{"rendered":"https:\/\/proyectomigrante.uy\/?page_id=234"},"modified":"2025-08-28T15:43:53","modified_gmt":"2025-08-28T18:43:53","slug":"conocenos","status":"publish","type":"page","link":"https:\/\/proyectomigrante.uy\/es\/conocenos\/","title":{"rendered":"Conocenos"},"content":{"rendered":"<div class='breakdance'><section class=\"bde-section-234-100 bde-section\">\n              \n  \n  \n\t\n\n\n\n<div class=\"section-container\"><h1 class=\"bde-heading-234-102 bde-heading\">\nconocenos\n<\/h1><div class=\"bde-text-234-113 bde-text\">\nLos principales rostros del equipo.<br>Toca en ellos para saber m\u00e1s.\n<\/div><\/div>\n<\/section><section class=\"bde-section-234-151 bde-section\">\n  \n  \n\t\n\n\n\n<div class=\"section-container\"><div class=\"bde-grid-234-157 bde-grid\">\n  \n  \n\t\n\n\n\n<div class=\"bde-image-hover-card-234-155 bde-image-hover-card\">\n           \n            \n                           \n                       \n                 \n\n    \n    \n    \n                    \n    \n    <a class=\"breakdance-link\" href=\"#\" target=\"_self\" data-type=\"action\"  data-action='{\"type\":\"popup\",\"popupOptions\":{\"popupId\":\"305\",\"popupAction\":\"open\"}}' >\n\n<figure class=\"ee-imagehover c4-izmir c4-border-left c4-image-pan-right\">\n    <img decoding=\"async\" class=\"breakdance-image-object\" src=\"https:\/\/proyectomigrante.uy\/wp-content\/uploads\/2025\/08\/yo-2.webp\" width=\"1920\" height=\"1440\" srcset=\"https:\/\/proyectomigrante.uy\/wp-content\/uploads\/2025\/08\/yo-2.webp 1920w, https:\/\/proyectomigrante.uy\/wp-content\/uploads\/2025\/08\/yo-2-300x225.webp 300w, https:\/\/proyectomigrante.uy\/wp-content\/uploads\/2025\/08\/yo-2-1024x768.webp 1024w, https:\/\/proyectomigrante.uy\/wp-content\/uploads\/2025\/08\/yo-2-768x576.webp 768w, https:\/\/proyectomigrante.uy\/wp-content\/uploads\/2025\/08\/yo-2-1536x1152.webp 1536w, https:\/\/proyectomigrante.uy\/wp-content\/uploads\/2025\/08\/yo-2-16x12.webp 16w\" sizes=\"auto, (max-width: 1920px) 100vw, 1920px\" loading=\"lazy\">\n  <figcaption class=\"c4-layout-center-left\">\n                <div class=\"c4-reveal-right c4-delay-200\">\n              <h3 class=\"ee-imagehover-title\">SANTIAGO GABENARA<\/h3>\n      <\/div>\n                <div class=\"c4-reveal-right c4-delay-400\">\n              <h3 class=\"ee-imagehover-title\">Consultor de Inmigraci\u00f3n<\/h3>\n      <\/div>\n      <\/figcaption>\n<\/figure>\n      <\/a>\n\n<\/div><div class=\"bde-image-hover-card-234-156 bde-image-hover-card\">\n           \n            \n                           \n                       \n                 \n\n    \n    \n    \n                    \n    \n    <a class=\"breakdance-link\" href=\"#\" target=\"_self\" data-type=\"action\"  data-action='{\"type\":\"popup\",\"popupOptions\":{\"popupId\":\"313\",\"popupAction\":\"open\"}}' >\n\n<figure class=\"ee-imagehover c4-izmir c4-border-left c4-image-pan-right\">\n    <img decoding=\"async\" class=\"breakdance-image-object\" src=\"https:\/\/proyectomigrante.uy\/wp-content\/uploads\/2025\/08\/Pia-2.webp\" width=\"1920\" height=\"1440\" srcset=\"https:\/\/proyectomigrante.uy\/wp-content\/uploads\/2025\/08\/Pia-2.webp 1920w, https:\/\/proyectomigrante.uy\/wp-content\/uploads\/2025\/08\/Pia-2-300x225.webp 300w, https:\/\/proyectomigrante.uy\/wp-content\/uploads\/2025\/08\/Pia-2-1024x768.webp 1024w, https:\/\/proyectomigrante.uy\/wp-content\/uploads\/2025\/08\/Pia-2-768x576.webp 768w, https:\/\/proyectomigrante.uy\/wp-content\/uploads\/2025\/08\/Pia-2-1536x1152.webp 1536w, https:\/\/proyectomigrante.uy\/wp-content\/uploads\/2025\/08\/Pia-2-16x12.webp 16w\" sizes=\"auto, (max-width: 1920px) 100vw, 1920px\" loading=\"lazy\">\n  <figcaption class=\"c4-layout-center-left\">\n                <div class=\"c4-reveal-right c4-delay-200\">\n              <h3 class=\"ee-imagehover-title\">MARIA PIA SARASUA<\/h3>\n      <\/div>\n                <div class=\"c4-reveal-right c4-delay-400\">\n              <h3 class=\"ee-imagehover-title\">Directora Jur\u00eddica Notarial<\/h3>\n      <\/div>\n      <\/figcaption>\n<\/figure>\n      <\/a>\n\n<\/div>\n<\/div><\/div>\n<\/section><\/div>","protected":false},"excerpt":{"rendered":"<p>conocenos Los principales rostros del equipo.Toca en ellos para saber m\u00e1s. SANTIAGO GABENARA Consultor de Inmigraci\u00f3n MARIA PIA SARASUA Directora Jur\u00eddica Notarial<\/p>\n","protected":false},"author":1,"featured_media":0,"parent":0,"menu_order":0,"comment_status":"closed","ping_status":"closed","template":"","meta":{"_breakdance_hide_in_design_set":false,"_breakdance_tags":"","footnotes":""},"class_list":["post-234","page","type-page","status-publish","hentry"],"_links":{"self":[{"href":"https:\/\/proyectomigrante.uy\/es\/wp-json\/wp\/v2\/pages\/234","targetHints":{"allow":["GET"]}}],"collection":[{"href":"https:\/\/proyectomigrante.uy\/es\/wp-json\/wp\/v2\/pages"}],"about":[{"href":"https:\/\/proyectomigrante.uy\/es\/wp-json\/wp\/v2\/types\/page"}],"author":[{"embeddable":true,"href":"https:\/\/proyectomigrante.uy\/es\/wp-json\/wp\/v2\/users\/1"}],"replies":[{"embeddable":true,"href":"https:\/\/proyectomigrante.uy\/es\/wp-json\/wp\/v2\/comments?post=234"}],"version-history":[{"count":19,"href":"https:\/\/proyectomigrante.uy\/es\/wp-json\/wp\/v2\/pages\/234\/revisions"}],"predecessor-version":[{"id":329,"href":"https:\/\/proyectomigrante.uy\/es\/wp-json\/wp\/v2\/pages\/234\/revisions\/329"}],"wp:attachment":[{"href":"https:\/\/proyectomigrante.uy\/es\/wp-json\/wp\/v2\/media?parent=234"}],"curies":[{"name":"wp","href":"https:\/\/api.w.org\/{rel}","templated":true}]}}